{"id":1309,"date":"2025-01-18T01:10:54","date_gmt":"2025-01-18T04:10:54","guid":{"rendered":"https:\/\/arddhu.me\/?page_id=1309"},"modified":"2025-01-18T01:10:54","modified_gmt":"2025-01-18T04:10:54","slug":"rpg-brasil-sp","status":"publish","type":"page","link":"https:\/\/arddhu.me\/en\/rpg-brasil-sp\/","title":{"rendered":"RPG Brasil\/SP"},"content":{"rendered":"<blockquote class=\"wp-block-quote is-layout-flow wp-block-quote-is-layout-flow\">\n<p><em>Esse artigo est\u00e1 em constante constru\u00e7\u00e3o.<\/em><\/p>\n<\/blockquote>\n\n\n\n<p>Tendo vivido os anos 90 do RPG em S\u00e3o Paulo e agora no ano de 2025 procurando informa\u00e7\u00f5es sobre alguns &#8220;encontros&#8221; de RPG que aconteciam na cidade, me deparei com uma aus\u00eancia enorme de informa\u00e7\u00f5es sobre esses encontros.<\/p>\n\n\n\n<p>Embora o EIRPG tenha um artigo na wikipedia e a USPCON tamb\u00e9m tenha um artigo na wiki da daemon, os encontros de RPG de S\u00e3o Paulo n\u00e3o se limitaram apenas a esses dois, embora tenham sido os mais famosos.<\/p>\n\n\n\n<p>N\u00e3o \u00e9 meu intuito falar de &#8220;todos os eventos&#8221; de RPG que aconteceram nessa \u00e9poca em S\u00e3o Paulo, mas falar dos que eu participei (mesmo que em apenas uma edi\u00e7\u00e3o) e tentar reunir informa\u00e7\u00f5es sobre eles para que possa se manter um hist\u00f3rico deles.<\/p>\n\n\n\n<p>Inicio essa p\u00e1gina sem qualquer certeza, mas ciente de que \u00e9 um trabalho que irei desenvolver aos poucos, gradativamente e conforme conseguir coletar informa\u00e7\u00f5es espalhadas pela Internet.<\/p>\n\n\n\n<p>Pretendo reunir fotos tamb\u00e9m e quem sabe em algum momento abrir espa\u00e7o para que pessoas que tenham fotos desses eventos possam compartilhar aqui e ilustrar mais essas hist\u00f3rias.<\/p>\n\n\n\n<p>O foco desse artigo s\u00e3o os eventos de RPG em S\u00e3o Paulo como:<\/p>\n\n\n\n<ul class=\"wp-block-list\">\n<li>EIRPG &#8211; Encontro Internacional de RPG<\/li>\n\n\n\n<li>USPCON &#8211; Encontro de RPG na USP<\/li>\n\n\n\n<li>Dia de Aventura &#8211; Edi\u00e7\u00e3o \u00fanica na Forbidden Planet do finado Shopping Pomp\u00e9ia Nobre<\/li>\n\n\n\n<li>RPG\/SP &#8211; Encontro de RPG no T\u00eanis Clube Paulista<\/li>\n\n\n\n<li>En\u00e9simo &#8211; Um encontro de RPG que aconteceu na APAE e onde teriam queimado uma Black Lotus<\/li>\n<\/ul>\n\n\n\n<p>Al\u00e9m dos encontros de RPG, eventualmente quero falar sobre duas lojas a Devir (em suas diversas localiza\u00e7\u00f5es), al\u00e9m da Forbidden Planet.<\/p>\n\n\n\n<h4 class=\"wp-block-heading\">Log geral<\/h4>\n\n\n\n<p>Abaixo pretendo manter as informa\u00e7\u00f5es de quando altero e atualizo esse artigo.<\/p>\n\n\n\n<ul class=\"wp-block-list\">\n<li>Iniciei esse artigo no dia 17\/01\/25<\/li>\n\n\n\n<li><\/li>\n<\/ul>","protected":false},"excerpt":{"rendered":"<p>Esse artigo est\u00e1 em constante constru\u00e7\u00e3o. Tendo vivido os anos 90 do RPG em S\u00e3o Paulo e agora no ano de 2025 procurando informa\u00e7\u00f5es sobre alguns &#8220;encontros&#8221; de RPG que aconteciam na cidade, me deparei com uma aus\u00eancia enorme de informa\u00e7\u00f5es sobre esses encontros. Embora o EIRPG tenha um artigo na wikipedia e a USPCON [&hellip;]<\/p>","protected":false},"author":1,"featured_media":0,"parent":0,"menu_order":0,"comment_status":"closed","ping_status":"closed","template":"","meta":{"_uag_custom_page_level_css":"","advgb_blocks_editor_width":"","advgb_blocks_columns_visual_guide":"","_themeisle_gutenberg_block_has_review":false,"footnotes":""},"class_list":["post-1309","page","type-page","status-publish","hentry"],"featured_image_src":null,"yoast_head":"<!-- This site is optimized with the Yoast SEO plugin v27.0 - https:\/\/yoast.com\/product\/yoast-seo-wordpress\/ -->\n<title>RPG Brasil\/SP - Arddhu<\/title>\n<meta name=\"robots\" content=\"index, follow, max-snippet:-1, max-image-preview:large, max-video-preview:-1\" \/>\n<link rel=\"canonical\" href=\"https:\/\/arddhu.me\/en\/rpg-brasil-sp\/\" \/>\n<meta property=\"og:locale\" content=\"en_US\" \/>\n<meta property=\"og:type\" content=\"article\" \/>\n<meta property=\"og:title\" content=\"RPG Brasil\/SP - Arddhu\" \/>\n<meta property=\"og:description\" content=\"Esse artigo est\u00e1 em constante constru\u00e7\u00e3o. Tendo vivido os anos 90 do RPG em S\u00e3o Paulo e agora no ano de 2025 procurando informa\u00e7\u00f5es sobre alguns &#8220;encontros&#8221; de RPG que aconteciam na cidade, me deparei com uma aus\u00eancia enorme de informa\u00e7\u00f5es sobre esses encontros. Embora o EIRPG tenha um artigo na wikipedia e a USPCON [&hellip;]\" \/>\n<meta property=\"og:url\" content=\"https:\/\/arddhu.me\/en\/rpg-brasil-sp\/\" \/>\n<meta property=\"og:site_name\" content=\"Arddhu\" \/>\n<meta name=\"twitter:card\" content=\"summary_large_image\" \/>\n<meta name=\"twitter:label1\" content=\"Est. reading time\" \/>\n\t<meta name=\"twitter:data1\" content=\"2 minutes\" \/>\n<script type=\"application\/ld+json\" class=\"yoast-schema-graph\">{\"@context\":\"https:\/\/schema.org\",\"@graph\":[{\"@type\":\"WebPage\",\"@id\":\"https:\/\/arddhu.me\/rpg-brasil-sp\/\",\"url\":\"https:\/\/arddhu.me\/rpg-brasil-sp\/\",\"name\":\"RPG Brasil\/SP - Arddhu\",\"isPartOf\":{\"@id\":\"https:\/\/arddhu.me\/#website\"},\"datePublished\":\"2025-01-18T04:10:54+00:00\",\"breadcrumb\":{\"@id\":\"https:\/\/arddhu.me\/rpg-brasil-sp\/#breadcrumb\"},\"inLanguage\":\"en-US\",\"potentialAction\":[{\"@type\":\"ReadAction\",\"target\":[\"https:\/\/arddhu.me\/rpg-brasil-sp\/\"]}]},{\"@type\":\"BreadcrumbList\",\"@id\":\"https:\/\/arddhu.me\/rpg-brasil-sp\/#breadcrumb\",\"itemListElement\":[{\"@type\":\"ListItem\",\"position\":1,\"name\":\"In\u00edcio\",\"item\":\"https:\/\/arddhu.me\/\"},{\"@type\":\"ListItem\",\"position\":2,\"name\":\"RPG Brasil\/SP\"}]},{\"@type\":\"WebSite\",\"@id\":\"https:\/\/arddhu.me\/#website\",\"url\":\"https:\/\/arddhu.me\/\",\"name\":\"Arddhu\",\"description\":\"Escritor e Criador\",\"publisher\":{\"@id\":\"https:\/\/arddhu.me\/#\/schema\/person\/67f6995857227aefe92b04d6552b6b27\"},\"potentialAction\":[{\"@type\":\"SearchAction\",\"target\":{\"@type\":\"EntryPoint\",\"urlTemplate\":\"https:\/\/arddhu.me\/?s={search_term_string}\"},\"query-input\":{\"@type\":\"PropertyValueSpecification\",\"valueRequired\":true,\"valueName\":\"search_term_string\"}}],\"inLanguage\":\"en-US\"},{\"@type\":[\"Person\",\"Organization\"],\"@id\":\"https:\/\/arddhu.me\/#\/schema\/person\/67f6995857227aefe92b04d6552b6b27\",\"name\":\"arddhu\",\"image\":{\"@type\":\"ImageObject\",\"inLanguage\":\"en-US\",\"@id\":\"https:\/\/arddhu.me\/#\/schema\/person\/image\/\",\"url\":\"https:\/\/arddhu.me\/wp-content\/uploads\/2020\/02\/hexal_vaidar.png\",\"contentUrl\":\"https:\/\/arddhu.me\/wp-content\/uploads\/2020\/02\/hexal_vaidar.png\",\"width\":900,\"height\":942,\"caption\":\"arddhu\"},\"logo\":{\"@id\":\"https:\/\/arddhu.me\/#\/schema\/person\/image\/\"},\"sameAs\":[\"https:\/\/instagram.com\/arddhu\",\"https:\/\/www.linkedin.com\/in\/arddhu\/\",\"https:\/\/x.com\/https:\/\/twitter.com\/arddhu\/\",\"https:\/\/youtube.com\/arddhu\"]}]}<\/script>\n<!-- \/ Yoast SEO plugin. -->","yoast_head_json":{"title":"RPG Brasil\/SP - Arddhu","robots":{"index":"index","follow":"follow","max-snippet":"max-snippet:-1","max-image-preview":"max-image-preview:large","max-video-preview":"max-video-preview:-1"},"canonical":"https:\/\/arddhu.me\/en\/rpg-brasil-sp\/","og_locale":"en_US","og_type":"article","og_title":"RPG Brasil\/SP - Arddhu","og_description":"Esse artigo est\u00e1 em constante constru\u00e7\u00e3o. Tendo vivido os anos 90 do RPG em S\u00e3o Paulo e agora no ano de 2025 procurando informa\u00e7\u00f5es sobre alguns &#8220;encontros&#8221; de RPG que aconteciam na cidade, me deparei com uma aus\u00eancia enorme de informa\u00e7\u00f5es sobre esses encontros. Embora o EIRPG tenha um artigo na wikipedia e a USPCON [&hellip;]","og_url":"https:\/\/arddhu.me\/en\/rpg-brasil-sp\/","og_site_name":"Arddhu","twitter_card":"summary_large_image","twitter_misc":{"Est. reading time":"2 minutes"},"schema":{"@context":"https:\/\/schema.org","@graph":[{"@type":"WebPage","@id":"https:\/\/arddhu.me\/rpg-brasil-sp\/","url":"https:\/\/arddhu.me\/rpg-brasil-sp\/","name":"RPG Brasil\/SP - Arddhu","isPartOf":{"@id":"https:\/\/arddhu.me\/#website"},"datePublished":"2025-01-18T04:10:54+00:00","breadcrumb":{"@id":"https:\/\/arddhu.me\/rpg-brasil-sp\/#breadcrumb"},"inLanguage":"en-US","potentialAction":[{"@type":"ReadAction","target":["https:\/\/arddhu.me\/rpg-brasil-sp\/"]}]},{"@type":"BreadcrumbList","@id":"https:\/\/arddhu.me\/rpg-brasil-sp\/#breadcrumb","itemListElement":[{"@type":"ListItem","position":1,"name":"In\u00edcio","item":"https:\/\/arddhu.me\/"},{"@type":"ListItem","position":2,"name":"RPG Brasil\/SP"}]},{"@type":"WebSite","@id":"https:\/\/arddhu.me\/#website","url":"https:\/\/arddhu.me\/","name":"Arddhu","description":"Writer and Creator","publisher":{"@id":"https:\/\/arddhu.me\/#\/schema\/person\/67f6995857227aefe92b04d6552b6b27"},"potentialAction":[{"@type":"SearchAction","target":{"@type":"EntryPoint","urlTemplate":"https:\/\/arddhu.me\/?s={search_term_string}"},"query-input":{"@type":"PropertyValueSpecification","valueRequired":true,"valueName":"search_term_string"}}],"inLanguage":"en-US"},{"@type":["Person","Organization"],"@id":"https:\/\/arddhu.me\/#\/schema\/person\/67f6995857227aefe92b04d6552b6b27","name":"arddhu","image":{"@type":"ImageObject","inLanguage":"en-US","@id":"https:\/\/arddhu.me\/#\/schema\/person\/image\/","url":"https:\/\/arddhu.me\/wp-content\/uploads\/2020\/02\/hexal_vaidar.png","contentUrl":"https:\/\/arddhu.me\/wp-content\/uploads\/2020\/02\/hexal_vaidar.png","width":900,"height":942,"caption":"arddhu"},"logo":{"@id":"https:\/\/arddhu.me\/#\/schema\/person\/image\/"},"sameAs":["https:\/\/instagram.com\/arddhu","https:\/\/www.linkedin.com\/in\/arddhu\/","https:\/\/x.com\/https:\/\/twitter.com\/arddhu\/","https:\/\/youtube.com\/arddhu"]}]}},"uagb_featured_image_src":{"full":false,"thumbnail":false,"medium":false,"medium_large":false,"large":false,"1536x1536":false,"2048x2048":false,"trp-custom-language-flag":false},"uagb_author_info":{"display_name":"arddhu","author_link":"https:\/\/arddhu.me\/en\/author\/admin\/"},"uagb_comment_info":0,"uagb_excerpt":"Esse artigo est\u00e1 em constante constru\u00e7\u00e3o. Tendo vivido os anos 90 do RPG em S\u00e3o Paulo e agora no ano de 2025 procurando informa\u00e7\u00f5es sobre alguns &#8220;encontros&#8221; de RPG que aconteciam na cidade, me deparei com uma aus\u00eancia enorme de informa\u00e7\u00f5es sobre esses encontros. Embora o EIRPG tenha um artigo na wikipedia e a USPCON&hellip;","coauthors":[],"author_meta":{"author_link":"https:\/\/arddhu.me\/en\/author\/admin\/","display_name":"arddhu"},"relative_dates":{"created":"Posted 1 year ago","modified":"Updated 1 year ago"},"absolute_dates":{"created":"Posted on 18 de January de 2025","modified":"Updated on 18 de January de 2025"},"absolute_dates_time":{"created":"Posted on 18 de January de 2025 01:10","modified":"Updated on 18 de January de 2025 01:10"},"featured_img_caption":"","featured_img":false,"series_order":"","_links":{"self":[{"href":"https:\/\/arddhu.me\/en\/wp-json\/wp\/v2\/pages\/1309","targetHints":{"allow":["GET"]}}],"collection":[{"href":"https:\/\/arddhu.me\/en\/wp-json\/wp\/v2\/pages"}],"about":[{"href":"https:\/\/arddhu.me\/en\/wp-json\/wp\/v2\/types\/page"}],"author":[{"embeddable":true,"href":"https:\/\/arddhu.me\/en\/wp-json\/wp\/v2\/users\/1"}],"replies":[{"embeddable":true,"href":"https:\/\/arddhu.me\/en\/wp-json\/wp\/v2\/comments?post=1309"}],"version-history":[{"count":0,"href":"https:\/\/arddhu.me\/en\/wp-json\/wp\/v2\/pages\/1309\/revisions"}],"wp:attachment":[{"href":"https:\/\/arddhu.me\/en\/wp-json\/wp\/v2\/media?parent=1309"}],"curies":[{"name":"wp","href":"https:\/\/api.w.org\/{rel}","templated":true}]}}