{"id":623,"date":"2022-10-20T11:24:59","date_gmt":"2022-10-20T14:24:59","guid":{"rendered":"https:\/\/arddhu.me\/?page_id=623"},"modified":"2025-02-23T23:46:36","modified_gmt":"2025-02-24T02:46:36","slug":"resume","status":"publish","type":"page","link":"https:\/\/arddhu.me\/en\/resume\/","title":{"rendered":"Resume"},"content":{"rendered":"<section id=\"post-40\"><\/section>\n<section id=\"post-38\">\n<article id=\"post-38\"><\/article>\n<\/section>\n<section id=\"post-45\">\n<article id=\"post-45\">\n<\/article>\n<\/section>\n\n\n<div class=\"wp-block-columns is-layout-flex wp-container-core-columns-is-layout-28f84493 wp-block-columns-is-layout-flex\">\n<div class=\"wp-block-column is-layout-flow wp-block-column-is-layout-flow\" style=\"flex-basis:66.66%\">\n<p><strong>Name:<\/strong>&nbsp;Gabriel Gastaldo<\/p>\n\n\n\n<p><strong>Birth Date:<\/strong>&nbsp;24\/07\/1983<\/p>\n\n\n\n<p><strong>Email:<\/strong>&nbsp;<a href=\"mailto:contato@arddhu.me\">contato@arddhu.me<\/a><\/p>\n<\/div>\n\n\n\n<div class=\"wp-block-column is-layout-flow wp-block-column-is-layout-flow\" style=\"flex-basis:33.33%\">\n<figure class=\"wp-block-image aligncenter size-full is-resized\"><img decoding=\"async\" width=\"900\" height=\"942\" data-src=\"https:\/\/arddhu.me\/wp-content\/uploads\/2020\/02\/hexal_vaidar.png\" alt=\"\" class=\"wp-image-246 lazyload\" style=\"--smush-placeholder-width: 900px; --smush-placeholder-aspect-ratio: 900\/942;width:232px;height:auto\" data-srcset=\"https:\/\/arddhu.me\/wp-content\/uploads\/2020\/02\/hexal_vaidar.png 900w, https:\/\/arddhu.me\/wp-content\/uploads\/2020\/02\/hexal_vaidar-600x628.png 600w, https:\/\/arddhu.me\/wp-content\/uploads\/2020\/02\/hexal_vaidar-287x300.png 287w, https:\/\/arddhu.me\/wp-content\/uploads\/2020\/02\/hexal_vaidar-768x804.png 768w\" data-sizes=\"(max-width: 900px) 100vw, 900px\" src=\"data:image\/svg+xml;base64,PHN2ZyB3aWR0aD0iMSIgaGVpZ2h0PSIxIiB4bWxucz0iaHR0cDovL3d3dy53My5vcmcvMjAwMC9zdmciPjwvc3ZnPg==\" \/><\/figure>\n<\/div>\n<\/div>\n\n\n\n<p>Graduated in Language \u2013 Portuguese, English and their respective Literatures in 2014 from the Faculty of Education, Sciences and Letters Don Dom\u00eanico, I have extensive experience in creating content that engages and enchants.<\/p>\n\n\n\n<h2 class=\"wp-block-heading\">Professional Experiences<\/h2>\n\n\n\n<ul class=\"wp-block-list\">\n<li><strong>Runarcana<\/strong> <strong>Content Manager<\/strong><br><em>Nov 2019 \u2013 Current<\/em><br>Runarcana is a project created in 2018 with a focus on creating content for the League of Legends and RPG community. Within this project I have acted as founder and creative manager, coordinating people around the world who have become interested and have become part of this project.<\/li>\n<\/ul>\n\n\n\n<hr class=\"wp-block-separator has-alpha-channel-opacity\"\/>\n\n\n\n<ul class=\"wp-block-list\">\n<li><strong>Team Reapers<\/strong> <strong>Esports Director<\/strong><br><em>Jul 2019 \u2013 Sep 2019<\/em><br>I joined Team Reapers as a Team Manager, coordinating players across Brazil in support of a successful campaign that led to my promotion as Esports Director, then moving on to manage the organization in partnerships such as the CBCS championship.<br><strong>Esports Manager<\/strong><br>Jan 2019 \u2013 Jul 2019<\/li>\n<\/ul>\n\n\n\n<hr class=\"wp-block-separator has-alpha-channel-opacity\"\/>\n\n\n\n<ul class=\"wp-block-list\">\n<li><strong>KaBuM! Esports<\/strong> <strong>e-Sports Manager<\/strong><br><em>Jun 2018 \u2013 Sep 2018&nbsp;<\/em><br>Responsible for the general running of the Gaming House and the Team, facilitating communication between Riot, Kabum, Sponsors, Players, ABCDE, as well as conflict resolution, contact with the specialized press, among other responsibilities.<\/li>\n<\/ul>\n\n\n\n<hr class=\"wp-block-separator has-alpha-channel-opacity\"\/>\n\n\n\n<h2 class=\"wp-block-heading\">Education<\/h2>\n\n\n\n<ul class=\"wp-block-list\">\n<li><strong>Jan 2010 \u2013 Mar 2014<\/strong><br>Full Degree in Language \u2013 Portuguese, English and their respective Literatures from the Faculty of Education, Sciences and Letters Don Dom\u00eanico.<\/li>\n\n\n\n<li><strong>Jan 2011 \u2013 Jul 2011<\/strong><br>Specialization in Psychology of Literature from the Faculty of Education, Sciences and Letters Don Dom\u00eanico.<\/li>\n\n\n\n<li><strong>Jan 2001 \u2013 Apr 2001<\/strong><br>Computer Science from Santa Cecilia University<\/li>\n\n\n\n<li><strong>Jan 2000 \u2013 Mar 2000<\/strong><br>Advertising and Publicity by Santa Cec\u00edlia University<\/li>\n<\/ul>\n\n\n\n<h2 class=\"wp-block-heading\">Skills<\/h2>\n\n\n\n<div class=\"wp-block-columns is-layout-flex wp-container-core-columns-is-layout-28f84493 wp-block-columns-is-layout-flex\">\n<div class=\"wp-block-column is-layout-flow wp-block-column-is-layout-flow\" style=\"flex-basis:33.33%\">\n<figure class=\"wp-block-image aligncenter size-full is-resized\"><img decoding=\"async\" width=\"512\" height=\"512\" data-src=\"https:\/\/arddhu.me\/wp-content\/uploads\/2020\/02\/collaboration.png\" alt=\"\" class=\"wp-image-307 lazyload\" style=\"--smush-placeholder-width: 512px; --smush-placeholder-aspect-ratio: 512\/512;width:100px\" data-srcset=\"https:\/\/arddhu.me\/wp-content\/uploads\/2020\/02\/collaboration.png 512w, https:\/\/arddhu.me\/wp-content\/uploads\/2020\/02\/collaboration-300x300.png 300w, https:\/\/arddhu.me\/wp-content\/uploads\/2020\/02\/collaboration-100x100.png 100w, https:\/\/arddhu.me\/wp-content\/uploads\/2020\/02\/collaboration-150x150.png 150w\" data-sizes=\"(max-width: 512px) 100vw, 512px\" src=\"data:image\/svg+xml;base64,PHN2ZyB3aWR0aD0iMSIgaGVpZ2h0PSIxIiB4bWxucz0iaHR0cDovL3d3dy53My5vcmcvMjAwMC9zdmciPjwvc3ZnPg==\" \/><\/figure>\n<\/div>\n\n\n\n<div class=\"wp-block-column is-layout-flow wp-block-column-is-layout-flow\" style=\"flex-basis:66.66%\">\n<p><strong>Management<\/strong><\/p>\n\n\n\n<p>From the moment I managed my first team working with web design, I learned to value the strengths of each member, as each one of them was of utmost importance to understand each one's capabilities, something essential to be able to extract the maximum potential of these members.<\/p>\n<\/div>\n<\/div>\n\n\n\n<div class=\"wp-block-columns is-layout-flex wp-container-core-columns-is-layout-28f84493 wp-block-columns-is-layout-flex\">\n<div class=\"wp-block-column is-layout-flow wp-block-column-is-layout-flow\" style=\"flex-basis:33.33%\">\n<figure class=\"wp-block-image aligncenter size-full is-resized\"><img decoding=\"async\" width=\"512\" height=\"512\" data-src=\"https:\/\/arddhu.me\/wp-content\/uploads\/2020\/02\/writing.png\" alt=\"\" class=\"wp-image-309 lazyload\" style=\"--smush-placeholder-width: 512px; --smush-placeholder-aspect-ratio: 512\/512;width:100px\" data-srcset=\"https:\/\/arddhu.me\/wp-content\/uploads\/2020\/02\/writing.png 512w, https:\/\/arddhu.me\/wp-content\/uploads\/2020\/02\/writing-300x300.png 300w, https:\/\/arddhu.me\/wp-content\/uploads\/2020\/02\/writing-100x100.png 100w, https:\/\/arddhu.me\/wp-content\/uploads\/2020\/02\/writing-150x150.png 150w\" data-sizes=\"(max-width: 512px) 100vw, 512px\" src=\"data:image\/svg+xml;base64,PHN2ZyB3aWR0aD0iMSIgaGVpZ2h0PSIxIiB4bWxucz0iaHR0cDovL3d3dy53My5vcmcvMjAwMC9zdmciPjwvc3ZnPg==\" \/><\/figure>\n<\/div>\n\n\n\n<div class=\"wp-block-column is-layout-flow wp-block-column-is-layout-flow\" style=\"flex-basis:66.66%\">\n<p><strong>Writing<\/strong><\/p>\n\n\n\n<p>Before graduating in Language, I was always a writer in my spare time, dividing my time between reading and writing. This characteristic was what first opened my space in the world of electronic sports, when I founded a website called Icathia, which brought together several creatives from the most varied arts.<\/p>\n<\/div>\n<\/div>\n\n\n\n<div class=\"wp-block-columns is-layout-flex wp-container-core-columns-is-layout-28f84493 wp-block-columns-is-layout-flex\">\n<div class=\"wp-block-column is-layout-flow wp-block-column-is-layout-flow\" style=\"flex-basis:33.33%\">\n<figure class=\"wp-block-image aligncenter size-full is-resized\"><img decoding=\"async\" width=\"512\" height=\"512\" data-src=\"https:\/\/arddhu.me\/wp-content\/uploads\/2020\/02\/computer.png\" alt=\"\" class=\"wp-image-310 lazyload\" style=\"--smush-placeholder-width: 512px; --smush-placeholder-aspect-ratio: 512\/512;width:100px\" data-srcset=\"https:\/\/arddhu.me\/wp-content\/uploads\/2020\/02\/computer.png 512w, https:\/\/arddhu.me\/wp-content\/uploads\/2020\/02\/computer-300x300.png 300w, https:\/\/arddhu.me\/wp-content\/uploads\/2020\/02\/computer-100x100.png 100w, https:\/\/arddhu.me\/wp-content\/uploads\/2020\/02\/computer-150x150.png 150w\" data-sizes=\"(max-width: 512px) 100vw, 512px\" src=\"data:image\/svg+xml;base64,PHN2ZyB3aWR0aD0iMSIgaGVpZ2h0PSIxIiB4bWxucz0iaHR0cDovL3d3dy53My5vcmcvMjAwMC9zdmciPjwvc3ZnPg==\" \/><\/figure>\n<\/div>\n\n\n\n<div class=\"wp-block-column is-layout-flow wp-block-column-is-layout-flow\" style=\"flex-basis:66.66%\">\n<p><strong>Design<\/strong><\/p>\n\n\n\n<p>I worked for over 12 years as a designer, web designer, layout artist, among other related roles. During this time I learned a lot that I take to my professional life, especially regarding the role, whether finding or developing a solution to fulfill this role.<\/p>\n<\/div>\n<\/div>\n\n\n\n<div class=\"wp-block-columns is-layout-flex wp-container-core-columns-is-layout-28f84493 wp-block-columns-is-layout-flex\">\n<div class=\"wp-block-column is-layout-flow wp-block-column-is-layout-flow\" style=\"flex-basis:33.33%\">\n<figure class=\"wp-block-image aligncenter size-full is-resized\"><img decoding=\"async\" width=\"512\" height=\"512\" data-src=\"https:\/\/arddhu.me\/wp-content\/uploads\/2020\/02\/feedback.png\" alt=\"\" class=\"wp-image-311 lazyload\" style=\"--smush-placeholder-width: 512px; --smush-placeholder-aspect-ratio: 512\/512;width:100px\" data-srcset=\"https:\/\/arddhu.me\/wp-content\/uploads\/2020\/02\/feedback.png 512w, https:\/\/arddhu.me\/wp-content\/uploads\/2020\/02\/feedback-300x300.png 300w, https:\/\/arddhu.me\/wp-content\/uploads\/2020\/02\/feedback-100x100.png 100w, https:\/\/arddhu.me\/wp-content\/uploads\/2020\/02\/feedback-150x150.png 150w\" data-sizes=\"(max-width: 512px) 100vw, 512px\" src=\"data:image\/svg+xml;base64,PHN2ZyB3aWR0aD0iMSIgaGVpZ2h0PSIxIiB4bWxucz0iaHR0cDovL3d3dy53My5vcmcvMjAwMC9zdmciPjwvc3ZnPg==\" \/><\/figure>\n<\/div>\n\n\n\n<div class=\"wp-block-column is-layout-flow wp-block-column-is-layout-flow\" style=\"flex-basis:66.66%\">\n<p><strong>Communication<\/strong><\/p>\n\n\n\n<p>Managing people or resources is not a possible task if you are not effective in your communication, whether when communicating with members of your team, suppliers, superiors or anyone else. In order to always have clear communication, I learned to synthesize thoughts and ideas for the sake of agility, but also being able to formulate the same ideas in a more didactic way for better absorption and understanding.<\/p>\n<\/div>\n<\/div>\n\n\n\n<div class=\"wp-block-columns is-layout-flex wp-container-core-columns-is-layout-28f84493 wp-block-columns-is-layout-flex\">\n<div class=\"wp-block-column is-layout-flow wp-block-column-is-layout-flow\" style=\"flex-basis:33.33%\">\n<figure class=\"wp-block-image aligncenter size-full is-resized\"><img decoding=\"async\" width=\"512\" height=\"512\" data-src=\"https:\/\/arddhu.me\/wp-content\/uploads\/2020\/02\/strategy.png\" alt=\"\" class=\"wp-image-312 lazyload\" style=\"--smush-placeholder-width: 512px; --smush-placeholder-aspect-ratio: 512\/512;width:100px\" data-srcset=\"https:\/\/arddhu.me\/wp-content\/uploads\/2020\/02\/strategy.png 512w, https:\/\/arddhu.me\/wp-content\/uploads\/2020\/02\/strategy-300x300.png 300w, https:\/\/arddhu.me\/wp-content\/uploads\/2020\/02\/strategy-100x100.png 100w, https:\/\/arddhu.me\/wp-content\/uploads\/2020\/02\/strategy-150x150.png 150w\" data-sizes=\"(max-width: 512px) 100vw, 512px\" src=\"data:image\/svg+xml;base64,PHN2ZyB3aWR0aD0iMSIgaGVpZ2h0PSIxIiB4bWxucz0iaHR0cDovL3d3dy53My5vcmcvMjAwMC9zdmciPjwvc3ZnPg==\" \/><\/figure>\n<\/div>\n\n\n\n<div class=\"wp-block-column is-layout-flow wp-block-column-is-layout-flow\" style=\"flex-basis:66.66%\">\n<p><strong>Technique<\/strong><\/p>\n\n\n\n<p>I often took on challenges that required me to use skills that were not in my arsenal, and I learned to develop these skills in conjunction with the work I was doing. Over time, I became really good at this and realized that I had improved a lot in learning how to learn.<\/p>\n<\/div>\n<\/div>","protected":false},"excerpt":{"rendered":"<p>Nome:&nbsp;Gabriel Gastaldo Data de Nascimento:&nbsp;24\/07\/1983 Email:&nbsp;contato@arddhu.me Graduado em Letras \u2013 Portugu\u00eas, Ingl\u00eas e suas respectivas Literaturas em 2014 pela Faculdade de Educa\u00e7\u00e3o, Ci\u00eancias e Letras Don Dom\u00eanico, tenho ampla experi\u00eancia na cria\u00e7\u00e3o de conte\u00fados que engajam e encantam. Experi\u00eancias Profissionais Forma\u00e7\u00e3o Habilidades Gerenciamento Desde o momento em que gerenciei minha primeira equipe trabalhando com webdesign, [&hellip;]<\/p>","protected":false},"author":1,"featured_media":0,"parent":0,"menu_order":0,"comment_status":"closed","ping_status":"closed","template":"","meta":{"_uag_custom_page_level_css":"","advgb_blocks_editor_width":"","advgb_blocks_columns_visual_guide":"","_themeisle_gutenberg_block_has_review":false,"footnotes":""},"class_list":["post-623","page","type-page","status-publish","hentry"],"featured_image_src":null,"yoast_head":"<!-- This site is optimized with the Yoast SEO plugin v27.0 - https:\/\/yoast.com\/product\/yoast-seo-wordpress\/ -->\n<title>Curr\u00edculo - Arddhu<\/title>\n<meta name=\"description\" content=\"Curr\u00edculo de Gabriel Gastaldo\" \/>\n<meta name=\"robots\" content=\"index, follow, max-snippet:-1, max-image-preview:large, max-video-preview:-1\" \/>\n<link rel=\"canonical\" href=\"https:\/\/arddhu.me\/en\/resume\/\" \/>\n<meta property=\"og:locale\" content=\"en_US\" \/>\n<meta property=\"og:type\" content=\"article\" \/>\n<meta property=\"og:title\" content=\"Curr\u00edculo - Arddhu\" \/>\n<meta property=\"og:description\" content=\"Curr\u00edculo de Gabriel Gastaldo\" \/>\n<meta property=\"og:url\" content=\"https:\/\/arddhu.me\/en\/resume\/\" \/>\n<meta property=\"og:site_name\" content=\"Arddhu\" \/>\n<meta property=\"article:modified_time\" content=\"2025-02-24T02:46:36+00:00\" \/>\n<meta property=\"og:image\" content=\"https:\/\/arddhu.me\/wp-content\/uploads\/2020\/02\/hexal_vaidar.png\" \/>\n\t<meta property=\"og:image:width\" content=\"900\" \/>\n\t<meta property=\"og:image:height\" content=\"942\" \/>\n\t<meta property=\"og:image:type\" content=\"image\/png\" \/>\n<meta name=\"twitter:card\" content=\"summary_large_image\" \/>\n<meta name=\"twitter:label1\" content=\"Est. reading time\" \/>\n\t<meta name=\"twitter:data1\" content=\"5 minutes\" \/>\n<script type=\"application\/ld+json\" class=\"yoast-schema-graph\">{\"@context\":\"https:\/\/schema.org\",\"@graph\":[{\"@type\":\"WebPage\",\"@id\":\"https:\/\/arddhu.me\/curriculo\/\",\"url\":\"https:\/\/arddhu.me\/curriculo\/\",\"name\":\"Curr\u00edculo - Arddhu\",\"isPartOf\":{\"@id\":\"https:\/\/arddhu.me\/#website\"},\"primaryImageOfPage\":{\"@id\":\"https:\/\/arddhu.me\/curriculo\/#primaryimage\"},\"image\":{\"@id\":\"https:\/\/arddhu.me\/curriculo\/#primaryimage\"},\"thumbnailUrl\":\"https:\/\/arddhu.me\/wp-content\/uploads\/2020\/02\/hexal_vaidar.png\",\"datePublished\":\"2022-10-20T14:24:59+00:00\",\"dateModified\":\"2025-02-24T02:46:36+00:00\",\"description\":\"Curr\u00edculo de Gabriel Gastaldo\",\"breadcrumb\":{\"@id\":\"https:\/\/arddhu.me\/curriculo\/#breadcrumb\"},\"inLanguage\":\"en-US\",\"potentialAction\":[{\"@type\":\"ReadAction\",\"target\":[\"https:\/\/arddhu.me\/curriculo\/\"]}]},{\"@type\":\"ImageObject\",\"inLanguage\":\"en-US\",\"@id\":\"https:\/\/arddhu.me\/curriculo\/#primaryimage\",\"url\":\"https:\/\/arddhu.me\/wp-content\/uploads\/2020\/02\/hexal_vaidar.png\",\"contentUrl\":\"https:\/\/arddhu.me\/wp-content\/uploads\/2020\/02\/hexal_vaidar.png\"},{\"@type\":\"BreadcrumbList\",\"@id\":\"https:\/\/arddhu.me\/curriculo\/#breadcrumb\",\"itemListElement\":[{\"@type\":\"ListItem\",\"position\":1,\"name\":\"In\u00edcio\",\"item\":\"https:\/\/arddhu.me\/\"},{\"@type\":\"ListItem\",\"position\":2,\"name\":\"Curr\u00edculo\"}]},{\"@type\":\"WebSite\",\"@id\":\"https:\/\/arddhu.me\/#website\",\"url\":\"https:\/\/arddhu.me\/\",\"name\":\"Arddhu\",\"description\":\"Escritor e Criador\",\"publisher\":{\"@id\":\"https:\/\/arddhu.me\/#\/schema\/person\/67f6995857227aefe92b04d6552b6b27\"},\"potentialAction\":[{\"@type\":\"SearchAction\",\"target\":{\"@type\":\"EntryPoint\",\"urlTemplate\":\"https:\/\/arddhu.me\/?s={search_term_string}\"},\"query-input\":{\"@type\":\"PropertyValueSpecification\",\"valueRequired\":true,\"valueName\":\"search_term_string\"}}],\"inLanguage\":\"en-US\"},{\"@type\":[\"Person\",\"Organization\"],\"@id\":\"https:\/\/arddhu.me\/#\/schema\/person\/67f6995857227aefe92b04d6552b6b27\",\"name\":\"arddhu\",\"image\":{\"@type\":\"ImageObject\",\"inLanguage\":\"en-US\",\"@id\":\"https:\/\/arddhu.me\/#\/schema\/person\/image\/\",\"url\":\"https:\/\/arddhu.me\/wp-content\/uploads\/2020\/02\/hexal_vaidar.png\",\"contentUrl\":\"https:\/\/arddhu.me\/wp-content\/uploads\/2020\/02\/hexal_vaidar.png\",\"width\":900,\"height\":942,\"caption\":\"arddhu\"},\"logo\":{\"@id\":\"https:\/\/arddhu.me\/#\/schema\/person\/image\/\"},\"sameAs\":[\"https:\/\/instagram.com\/arddhu\",\"https:\/\/www.linkedin.com\/in\/arddhu\/\",\"https:\/\/x.com\/https:\/\/twitter.com\/arddhu\/\",\"https:\/\/youtube.com\/arddhu\"]}]}<\/script>\n<!-- \/ Yoast SEO plugin. -->","yoast_head_json":{"title":"Resume - Arddhu","description":"Gabriel Gastaldo's resume","robots":{"index":"index","follow":"follow","max-snippet":"max-snippet:-1","max-image-preview":"max-image-preview:large","max-video-preview":"max-video-preview:-1"},"canonical":"https:\/\/arddhu.me\/en\/resume\/","og_locale":"en_US","og_type":"article","og_title":"Curr\u00edculo - Arddhu","og_description":"Curr\u00edculo de Gabriel Gastaldo","og_url":"https:\/\/arddhu.me\/en\/resume\/","og_site_name":"Arddhu","article_modified_time":"2025-02-24T02:46:36+00:00","og_image":[{"width":900,"height":942,"url":"https:\/\/arddhu.me\/wp-content\/uploads\/2020\/02\/hexal_vaidar.png","type":"image\/png"}],"twitter_card":"summary_large_image","twitter_misc":{"Est. reading time":"5 minutes"},"schema":{"@context":"https:\/\/schema.org","@graph":[{"@type":"WebPage","@id":"https:\/\/arddhu.me\/curriculo\/","url":"https:\/\/arddhu.me\/curriculo\/","name":"Resume - Arddhu","isPartOf":{"@id":"https:\/\/arddhu.me\/#website"},"primaryImageOfPage":{"@id":"https:\/\/arddhu.me\/curriculo\/#primaryimage"},"image":{"@id":"https:\/\/arddhu.me\/curriculo\/#primaryimage"},"thumbnailUrl":"https:\/\/arddhu.me\/wp-content\/uploads\/2020\/02\/hexal_vaidar.png","datePublished":"2022-10-20T14:24:59+00:00","dateModified":"2025-02-24T02:46:36+00:00","description":"Gabriel Gastaldo's resume","breadcrumb":{"@id":"https:\/\/arddhu.me\/curriculo\/#breadcrumb"},"inLanguage":"en-US","potentialAction":[{"@type":"ReadAction","target":["https:\/\/arddhu.me\/curriculo\/"]}]},{"@type":"ImageObject","inLanguage":"en-US","@id":"https:\/\/arddhu.me\/curriculo\/#primaryimage","url":"https:\/\/arddhu.me\/wp-content\/uploads\/2020\/02\/hexal_vaidar.png","contentUrl":"https:\/\/arddhu.me\/wp-content\/uploads\/2020\/02\/hexal_vaidar.png"},{"@type":"BreadcrumbList","@id":"https:\/\/arddhu.me\/curriculo\/#breadcrumb","itemListElement":[{"@type":"ListItem","position":1,"name":"In\u00edcio","item":"https:\/\/arddhu.me\/"},{"@type":"ListItem","position":2,"name":"Curr\u00edculo"}]},{"@type":"WebSite","@id":"https:\/\/arddhu.me\/#website","url":"https:\/\/arddhu.me\/","name":"Arddhu","description":"Writer and Creator","publisher":{"@id":"https:\/\/arddhu.me\/#\/schema\/person\/67f6995857227aefe92b04d6552b6b27"},"potentialAction":[{"@type":"SearchAction","target":{"@type":"EntryPoint","urlTemplate":"https:\/\/arddhu.me\/?s={search_term_string}"},"query-input":{"@type":"PropertyValueSpecification","valueRequired":true,"valueName":"search_term_string"}}],"inLanguage":"en-US"},{"@type":["Person","Organization"],"@id":"https:\/\/arddhu.me\/#\/schema\/person\/67f6995857227aefe92b04d6552b6b27","name":"arddhu","image":{"@type":"ImageObject","inLanguage":"en-US","@id":"https:\/\/arddhu.me\/#\/schema\/person\/image\/","url":"https:\/\/arddhu.me\/wp-content\/uploads\/2020\/02\/hexal_vaidar.png","contentUrl":"https:\/\/arddhu.me\/wp-content\/uploads\/2020\/02\/hexal_vaidar.png","width":900,"height":942,"caption":"arddhu"},"logo":{"@id":"https:\/\/arddhu.me\/#\/schema\/person\/image\/"},"sameAs":["https:\/\/instagram.com\/arddhu","https:\/\/www.linkedin.com\/in\/arddhu\/","https:\/\/x.com\/https:\/\/twitter.com\/arddhu\/","https:\/\/youtube.com\/arddhu"]}]}},"uagb_featured_image_src":{"full":false,"thumbnail":false,"medium":false,"medium_large":false,"large":false,"1536x1536":false,"2048x2048":false,"trp-custom-language-flag":false},"uagb_author_info":{"display_name":"arddhu","author_link":"https:\/\/arddhu.me\/en\/author\/admin\/"},"uagb_comment_info":0,"uagb_excerpt":"Nome:&nbsp;Gabriel Gastaldo Data de Nascimento:&nbsp;24\/07\/1983 Email:&nbsp;contato@arddhu.me Graduado em Letras \u2013 Portugu\u00eas, Ingl\u00eas e suas respectivas Literaturas em 2014 pela Faculdade de Educa\u00e7\u00e3o, Ci\u00eancias e Letras Don Dom\u00eanico, tenho ampla experi\u00eancia na cria\u00e7\u00e3o de conte\u00fados que engajam e encantam. Experi\u00eancias Profissionais Forma\u00e7\u00e3o Habilidades Gerenciamento Desde o momento em que gerenciei minha primeira equipe trabalhando com webdesign,&hellip;","coauthors":[],"author_meta":{"author_link":"https:\/\/arddhu.me\/en\/author\/admin\/","display_name":"arddhu"},"relative_dates":{"created":"Posted 3 years ago","modified":"Updated 1 year ago"},"absolute_dates":{"created":"Posted on 20 de October de 2022","modified":"Updated on 23 de February de 2025"},"absolute_dates_time":{"created":"Posted on 20 de October de 2022 11:24","modified":"Updated on 23 de February de 2025 23:46"},"featured_img_caption":"","featured_img":false,"series_order":"","_links":{"self":[{"href":"https:\/\/arddhu.me\/en\/wp-json\/wp\/v2\/pages\/623","targetHints":{"allow":["GET"]}}],"collection":[{"href":"https:\/\/arddhu.me\/en\/wp-json\/wp\/v2\/pages"}],"about":[{"href":"https:\/\/arddhu.me\/en\/wp-json\/wp\/v2\/types\/page"}],"author":[{"embeddable":true,"href":"https:\/\/arddhu.me\/en\/wp-json\/wp\/v2\/users\/1"}],"replies":[{"embeddable":true,"href":"https:\/\/arddhu.me\/en\/wp-json\/wp\/v2\/comments?post=623"}],"version-history":[{"count":0,"href":"https:\/\/arddhu.me\/en\/wp-json\/wp\/v2\/pages\/623\/revisions"}],"wp:attachment":[{"href":"https:\/\/arddhu.me\/en\/wp-json\/wp\/v2\/media?parent=623"}],"curies":[{"name":"wp","href":"https:\/\/api.w.org\/{rel}","templated":true}]}}