{"id":747,"date":"2023-01-02T14:59:53","date_gmt":"2023-01-02T17:59:53","guid":{"rendered":"https:\/\/arddhu.me\/?page_id=747"},"modified":"2023-01-02T14:59:54","modified_gmt":"2023-01-02T17:59:54","slug":"video-editing","status":"publish","type":"page","link":"https:\/\/arddhu.me\/en\/video-editing\/","title":{"rendered":"Video Editing"},"content":{"rendered":"<p>Al\u00e9m de todos os v\u00eddeos do meu <a rel=\"noreferrer noopener\" href=\"https:\/\/youtube.com\/@arddhu,\" target=\"_blank\">canal<\/a>, abaixo est\u00e3o alguns v\u00eddeos editados para terceiros:<\/p>\n\n\n\n<figure class=\"wp-block-embed is-type-video is-provider-youtube wp-block-embed-youtube wp-embed-aspect-16-9 wp-has-aspect-ratio\"><div class=\"wp-block-embed__wrapper\">\n<iframe title=\"QUANDO O MAIOR DANO DO JOGO \u00c9 DE UMA JANNA... | LoL Wild Rift\" width=\"500\" height=\"281\" data-src=\"https:\/\/www.youtube.com\/embed\/1P4k4oRRG8Y?feature=oembed\" frameborder=\"0\" allow=\"accelerometer; autoplay; clipboard-write; encrypted-media; gyroscope; picture-in-picture; web-share\" referrerpolicy=\"strict-origin-when-cross-origin\" allowfullscreen src=\"data:image\/svg+xml;base64,PHN2ZyB3aWR0aD0iMSIgaGVpZ2h0PSIxIiB4bWxucz0iaHR0cDovL3d3dy53My5vcmcvMjAwMC9zdmciPjwvc3ZnPg==\" class=\"lazyload\" data-load-mode=\"1\"><\/iframe>\n<\/div><\/figure>\n\n\n\n<figure class=\"wp-block-embed is-type-video is-provider-youtube wp-block-embed-youtube wp-embed-aspect-16-9 wp-has-aspect-ratio\"><div class=\"wp-block-embed__wrapper\">\n<iframe title=\"KARMA TOP \u00c9 MUITO PODEROSA | LoL Wild Rift\" width=\"500\" height=\"281\" data-src=\"https:\/\/www.youtube.com\/embed\/foEkkm9SzSw?feature=oembed\" frameborder=\"0\" allow=\"accelerometer; autoplay; clipboard-write; encrypted-media; gyroscope; picture-in-picture; web-share\" referrerpolicy=\"strict-origin-when-cross-origin\" allowfullscreen src=\"data:image\/svg+xml;base64,PHN2ZyB3aWR0aD0iMSIgaGVpZ2h0PSIxIiB4bWxucz0iaHR0cDovL3d3dy53My5vcmcvMjAwMC9zdmciPjwvc3ZnPg==\" class=\"lazyload\" data-load-mode=\"1\"><\/iframe>\n<\/div><\/figure>\n\n\n\n<figure class=\"wp-block-embed is-type-video is-provider-youtube wp-block-embed-youtube wp-embed-aspect-16-9 wp-has-aspect-ratio\"><div class=\"wp-block-embed__wrapper\">\n<iframe title=\"VEX E SENNA BOT PARECE MUITO BOM | LoL Wild Rift\" width=\"500\" height=\"281\" data-src=\"https:\/\/www.youtube.com\/embed\/W3CyyZz2IIs?feature=oembed\" frameborder=\"0\" allow=\"accelerometer; autoplay; clipboard-write; encrypted-media; gyroscope; picture-in-picture; web-share\" referrerpolicy=\"strict-origin-when-cross-origin\" allowfullscreen src=\"data:image\/svg+xml;base64,PHN2ZyB3aWR0aD0iMSIgaGVpZ2h0PSIxIiB4bWxucz0iaHR0cDovL3d3dy53My5vcmcvMjAwMC9zdmciPjwvc3ZnPg==\" class=\"lazyload\" data-load-mode=\"1\"><\/iframe>\n<\/div><\/figure>\n\n\n\n<figure class=\"wp-block-embed is-type-video is-provider-youtube wp-block-embed-youtube wp-embed-aspect-16-9 wp-has-aspect-ratio\"><div class=\"wp-block-embed__wrapper\">\n<iframe title=\"ESSA BUILD DA KAYLE ME SURPREENDEU | LoL Wild Rift\" width=\"500\" height=\"281\" data-src=\"https:\/\/www.youtube.com\/embed\/HlsudHh9rcU?feature=oembed\" frameborder=\"0\" allow=\"accelerometer; autoplay; clipboard-write; encrypted-media; gyroscope; picture-in-picture; web-share\" referrerpolicy=\"strict-origin-when-cross-origin\" allowfullscreen src=\"data:image\/svg+xml;base64,PHN2ZyB3aWR0aD0iMSIgaGVpZ2h0PSIxIiB4bWxucz0iaHR0cDovL3d3dy53My5vcmcvMjAwMC9zdmciPjwvc3ZnPg==\" class=\"lazyload\" data-load-mode=\"1\"><\/iframe>\n<\/div><\/figure>\n\n\n\n<figure class=\"wp-block-embed is-type-video is-provider-youtube wp-block-embed-youtube wp-embed-aspect-16-9 wp-has-aspect-ratio\"><div class=\"wp-block-embed__wrapper\">\n<iframe title=\"JANNA CONTRA YASUO | LoL Wild Rift\" width=\"500\" height=\"281\" data-src=\"https:\/\/www.youtube.com\/embed\/AgaBKyRHU0A?feature=oembed\" frameborder=\"0\" allow=\"accelerometer; autoplay; clipboard-write; encrypted-media; gyroscope; picture-in-picture; web-share\" referrerpolicy=\"strict-origin-when-cross-origin\" allowfullscreen src=\"data:image\/svg+xml;base64,PHN2ZyB3aWR0aD0iMSIgaGVpZ2h0PSIxIiB4bWxucz0iaHR0cDovL3d3dy53My5vcmcvMjAwMC9zdmciPjwvc3ZnPg==\" class=\"lazyload\" data-load-mode=\"1\"><\/iframe>\n<\/div><\/figure>","protected":false},"excerpt":{"rendered":"<p>In addition to all the videos on my channels, below are some videos edited for third parties:<\/p>","protected":false},"author":1,"featured_media":0,"parent":0,"menu_order":0,"comment_status":"closed","ping_status":"closed","template":"","meta":{"_uag_custom_page_level_css":"","advgb_blocks_editor_width":"","advgb_blocks_columns_visual_guide":"","_themeisle_gutenberg_block_has_review":false,"footnotes":""},"class_list":["post-747","page","type-page","status-publish","hentry"],"featured_image_src":null,"yoast_head":"<!-- This site is optimized with the Yoast SEO plugin v27.0 - https:\/\/yoast.com\/product\/yoast-seo-wordpress\/ -->\n<title>Edi\u00e7\u00e3o de V\u00eddeos - Arddhu<\/title>\n<meta name=\"robots\" content=\"index, follow, max-snippet:-1, max-image-preview:large, max-video-preview:-1\" \/>\n<link rel=\"canonical\" href=\"https:\/\/arddhu.me\/en\/video-editing\/\" \/>\n<meta property=\"og:locale\" content=\"en_US\" \/>\n<meta property=\"og:type\" content=\"article\" \/>\n<meta property=\"og:title\" content=\"Edi\u00e7\u00e3o de V\u00eddeos - Arddhu\" \/>\n<meta property=\"og:description\" content=\"Al\u00e9m de todos os v\u00eddeos do meu canal, abaixo est\u00e3o alguns v\u00eddeos editados para terceiros:\" \/>\n<meta property=\"og:url\" content=\"https:\/\/arddhu.me\/en\/video-editing\/\" \/>\n<meta property=\"og:site_name\" content=\"Arddhu\" \/>\n<meta property=\"article:modified_time\" content=\"2023-01-02T17:59:54+00:00\" \/>\n<meta name=\"twitter:card\" content=\"summary_large_image\" \/>\n<script type=\"application\/ld+json\" class=\"yoast-schema-graph\">{\"@context\":\"https:\/\/schema.org\",\"@graph\":[{\"@type\":\"WebPage\",\"@id\":\"https:\/\/arddhu.me\/edicao-de-videos\/\",\"url\":\"https:\/\/arddhu.me\/edicao-de-videos\/\",\"name\":\"Edi\u00e7\u00e3o de V\u00eddeos - Arddhu\",\"isPartOf\":{\"@id\":\"https:\/\/arddhu.me\/#website\"},\"datePublished\":\"2023-01-02T17:59:53+00:00\",\"dateModified\":\"2023-01-02T17:59:54+00:00\",\"breadcrumb\":{\"@id\":\"https:\/\/arddhu.me\/edicao-de-videos\/#breadcrumb\"},\"inLanguage\":\"en-US\",\"potentialAction\":[{\"@type\":\"ReadAction\",\"target\":[\"https:\/\/arddhu.me\/edicao-de-videos\/\"]}]},{\"@type\":\"BreadcrumbList\",\"@id\":\"https:\/\/arddhu.me\/edicao-de-videos\/#breadcrumb\",\"itemListElement\":[{\"@type\":\"ListItem\",\"position\":1,\"name\":\"In\u00edcio\",\"item\":\"https:\/\/arddhu.me\/\"},{\"@type\":\"ListItem\",\"position\":2,\"name\":\"Edi\u00e7\u00e3o de V\u00eddeos\"}]},{\"@type\":\"WebSite\",\"@id\":\"https:\/\/arddhu.me\/#website\",\"url\":\"https:\/\/arddhu.me\/\",\"name\":\"Arddhu\",\"description\":\"Escritor e Criador\",\"publisher\":{\"@id\":\"https:\/\/arddhu.me\/#\/schema\/person\/67f6995857227aefe92b04d6552b6b27\"},\"potentialAction\":[{\"@type\":\"SearchAction\",\"target\":{\"@type\":\"EntryPoint\",\"urlTemplate\":\"https:\/\/arddhu.me\/?s={search_term_string}\"},\"query-input\":{\"@type\":\"PropertyValueSpecification\",\"valueRequired\":true,\"valueName\":\"search_term_string\"}}],\"inLanguage\":\"en-US\"},{\"@type\":[\"Person\",\"Organization\"],\"@id\":\"https:\/\/arddhu.me\/#\/schema\/person\/67f6995857227aefe92b04d6552b6b27\",\"name\":\"arddhu\",\"image\":{\"@type\":\"ImageObject\",\"inLanguage\":\"en-US\",\"@id\":\"https:\/\/arddhu.me\/#\/schema\/person\/image\/\",\"url\":\"https:\/\/arddhu.me\/wp-content\/uploads\/2020\/02\/hexal_vaidar.png\",\"contentUrl\":\"https:\/\/arddhu.me\/wp-content\/uploads\/2020\/02\/hexal_vaidar.png\",\"width\":900,\"height\":942,\"caption\":\"arddhu\"},\"logo\":{\"@id\":\"https:\/\/arddhu.me\/#\/schema\/person\/image\/\"},\"sameAs\":[\"https:\/\/instagram.com\/arddhu\",\"https:\/\/www.linkedin.com\/in\/arddhu\/\",\"https:\/\/x.com\/https:\/\/twitter.com\/arddhu\/\",\"https:\/\/youtube.com\/arddhu\"]}]}<\/script>\n<!-- \/ Yoast SEO plugin. -->","yoast_head_json":{"title":"Video Editing - Arddhu","robots":{"index":"index","follow":"follow","max-snippet":"max-snippet:-1","max-image-preview":"max-image-preview:large","max-video-preview":"max-video-preview:-1"},"canonical":"https:\/\/arddhu.me\/en\/video-editing\/","og_locale":"en_US","og_type":"article","og_title":"Edi\u00e7\u00e3o de V\u00eddeos - Arddhu","og_description":"Al\u00e9m de todos os v\u00eddeos do meu canal, abaixo est\u00e3o alguns v\u00eddeos editados para terceiros:","og_url":"https:\/\/arddhu.me\/en\/video-editing\/","og_site_name":"Arddhu","article_modified_time":"2023-01-02T17:59:54+00:00","twitter_card":"summary_large_image","schema":{"@context":"https:\/\/schema.org","@graph":[{"@type":"WebPage","@id":"https:\/\/arddhu.me\/edicao-de-videos\/","url":"https:\/\/arddhu.me\/edicao-de-videos\/","name":"Video Editing - Arddhu","isPartOf":{"@id":"https:\/\/arddhu.me\/#website"},"datePublished":"2023-01-02T17:59:53+00:00","dateModified":"2023-01-02T17:59:54+00:00","breadcrumb":{"@id":"https:\/\/arddhu.me\/edicao-de-videos\/#breadcrumb"},"inLanguage":"en-US","potentialAction":[{"@type":"ReadAction","target":["https:\/\/arddhu.me\/edicao-de-videos\/"]}]},{"@type":"BreadcrumbList","@id":"https:\/\/arddhu.me\/edicao-de-videos\/#breadcrumb","itemListElement":[{"@type":"ListItem","position":1,"name":"In\u00edcio","item":"https:\/\/arddhu.me\/"},{"@type":"ListItem","position":2,"name":"Edi\u00e7\u00e3o de V\u00eddeos"}]},{"@type":"WebSite","@id":"https:\/\/arddhu.me\/#website","url":"https:\/\/arddhu.me\/","name":"Arddhu","description":"Writer and Creator","publisher":{"@id":"https:\/\/arddhu.me\/#\/schema\/person\/67f6995857227aefe92b04d6552b6b27"},"potentialAction":[{"@type":"SearchAction","target":{"@type":"EntryPoint","urlTemplate":"https:\/\/arddhu.me\/?s={search_term_string}"},"query-input":{"@type":"PropertyValueSpecification","valueRequired":true,"valueName":"search_term_string"}}],"inLanguage":"en-US"},{"@type":["Person","Organization"],"@id":"https:\/\/arddhu.me\/#\/schema\/person\/67f6995857227aefe92b04d6552b6b27","name":"arddhu","image":{"@type":"ImageObject","inLanguage":"en-US","@id":"https:\/\/arddhu.me\/#\/schema\/person\/image\/","url":"https:\/\/arddhu.me\/wp-content\/uploads\/2020\/02\/hexal_vaidar.png","contentUrl":"https:\/\/arddhu.me\/wp-content\/uploads\/2020\/02\/hexal_vaidar.png","width":900,"height":942,"caption":"arddhu"},"logo":{"@id":"https:\/\/arddhu.me\/#\/schema\/person\/image\/"},"sameAs":["https:\/\/instagram.com\/arddhu","https:\/\/www.linkedin.com\/in\/arddhu\/","https:\/\/x.com\/https:\/\/twitter.com\/arddhu\/","https:\/\/youtube.com\/arddhu"]}]}},"uagb_featured_image_src":{"full":false,"thumbnail":false,"medium":false,"medium_large":false,"large":false,"1536x1536":false,"2048x2048":false,"trp-custom-language-flag":false},"uagb_author_info":{"display_name":"arddhu","author_link":"https:\/\/arddhu.me\/en\/author\/admin\/"},"uagb_comment_info":0,"uagb_excerpt":"Al\u00e9m de todos os v\u00eddeos do meu canal, abaixo est\u00e3o alguns v\u00eddeos editados para terceiros:","coauthors":[],"author_meta":{"author_link":"https:\/\/arddhu.me\/en\/author\/admin\/","display_name":"arddhu"},"relative_dates":{"created":"Posted 3 years ago","modified":"Updated 3 years ago"},"absolute_dates":{"created":"Posted on 2 de January de 2023","modified":"Updated on 2 de January de 2023"},"absolute_dates_time":{"created":"Posted on 2 de January de 2023 14:59","modified":"Updated on 2 de January de 2023 14:59"},"featured_img_caption":"","featured_img":false,"series_order":"","_links":{"self":[{"href":"https:\/\/arddhu.me\/en\/wp-json\/wp\/v2\/pages\/747","targetHints":{"allow":["GET"]}}],"collection":[{"href":"https:\/\/arddhu.me\/en\/wp-json\/wp\/v2\/pages"}],"about":[{"href":"https:\/\/arddhu.me\/en\/wp-json\/wp\/v2\/types\/page"}],"author":[{"embeddable":true,"href":"https:\/\/arddhu.me\/en\/wp-json\/wp\/v2\/users\/1"}],"replies":[{"embeddable":true,"href":"https:\/\/arddhu.me\/en\/wp-json\/wp\/v2\/comments?post=747"}],"version-history":[{"count":0,"href":"https:\/\/arddhu.me\/en\/wp-json\/wp\/v2\/pages\/747\/revisions"}],"wp:attachment":[{"href":"https:\/\/arddhu.me\/en\/wp-json\/wp\/v2\/media?parent=747"}],"curies":[{"name":"wp","href":"https:\/\/api.w.org\/{rel}","templated":true}]}}